{"id":1240,"date":"2020-08-17T03:34:52","date_gmt":"2020-08-17T01:34:52","guid":{"rendered":"http:\/\/skyisnotthelimit.eu\/?page_id=1240"},"modified":"2020-09-13T22:39:00","modified_gmt":"2020-09-13T20:39:00","slug":"o-mnie","status":"publish","type":"page","link":"https:\/\/skyisnotthelimit.eu\/index.php\/o-mnie\/","title":{"rendered":"Kim jest wheyman?"},"content":{"rendered":"\n<div class=\"wp-block-columns is-layout-flex wp-container-core-columns-is-layout-9d6595d7 wp-block-columns-is-layout-flex\">\n<div class=\"wp-block-column is-layout-flow wp-block-column-is-layout-flow\"><div  class=\"wp-block-ultimate-post-image ultp-block-78f43d\"><div class=\"ultp-block-wrapper\"><figure class=\"ultp-image-block-wrapper\"><div class=\"ultp-image-block ultp-image-block-none\"><img data-recalc-dims=\"1\" decoding=\"async\"  class=\"ultp-image\"  alt=\"Image\"  src=\"https:\/\/i0.wp.com\/skyisnotthelimit.eu\/wp-content\/uploads\/2020\/09\/wheyman-profil-scaled.jpg?w=525\" \/><\/div><\/figure><\/div><\/div><\/div>\n\n\n\n<div class=\"wp-block-column is-layout-flow wp-block-column-is-layout-flow\">\n<p><\/p>\n\n\n\n<h2 class=\"wp-block-heading\">wheyman? <\/h2>\n\n\n\n<p>Podr\u00f3\u017cnik, zapalony couchsurfer i bloger, a w czasie wolnym od powy\u017cszego \u2013 pe\u0142noetatowy pracownik korporacji. Kombinacj\u0119 tych element\u00f3w nazywa Wielk\u0105 Przygod\u0105. <\/p>\n<\/div>\n<\/div>\n\n\n\n<p>Przez ponad 10 lat prowadzi\u0142 blog &#8222;Sky is NOT the limit&#8221;, w kt\u00f3rym opisuje \u017cycie codzienne na egzotycznej emigracji w najbogatszym kraju \u015bwiata &#8211; Katarze. Dzi\u0119ki pracy w liniach lotniczych, sta\u0142ym elementem codzienno\u015bci s\u0105 w\u0142a\u015bnie podr\u00f3\u017ce, w kt\u00f3rych najbardziej skupia si\u0119 na procesach, kt\u00f3re na ka\u017cd\u0105 wypraw\u0119 si\u0119 sk\u0142adaj\u0105.<\/p>\n\n\n\n<p>Podr\u00f3\u017cnicze przygody opisuje s\u0142owami, lecz ubiera je w niezwyk\u0142\u0105 perspektyw\u0119 pe\u0142n\u0105 liczb i wylicze\u0144 (wi\u0119cej tu wykres\u00f3w ni\u017c zdj\u0119\u0107). Przy tempie jego podr\u00f3\u017cy, te do\u015b\u0107 dziwaczne statystyki wydaj\u0105 si\u0119 najlepszym sposobem na ich podsumowanie.<\/p>\n\n\n\n<p>Jego wyprawy s\u0105 zawsze spontaniczne, prawie zawsze zbyt kr\u00f3tkie, cz\u0119sto szalone, a czasami wr\u0119cz nieracjonalne. Przy czym wycieczki dooko\u0142a \u015bwiata w sze\u015b\u0107 dni nie uwa\u017ca ani za zbyt kr\u00f3tk\u0105, ani szalon\u0105. Cho\u0107 nie jest to zawsze oczywiste, stara si\u0119 unika\u0107 sztampy&#8230;<\/p>\n\n\n\n<p>Celem jego podr\u00f3\u017cy jest poszukiwanie ludzi i miejsc, do kt\u00f3rych  chcia\u0142by kiedy\u015b wr\u00f3ci\u0107 &#8211; kilka takich miejsc ju\u017c znalaz\u0142, zw\u0142aszcza na  Dalekim Wschodzie i Australii.<\/p>\n\n\n\n<p>I je\u015bli czasem przejdzie mu przez my\u015bl pytanie: <em>co ja tu robi\u0119?,<\/em> to niezale\u017cnie od miejsca, w kt\u00f3rym przebywa, odpowiada w ten sam spos\u00f3b: <em>ja tu spe\u0142niam marzenia!<\/em><\/p>\n\n\n\n<p><\/p>\n","protected":false},"excerpt":{"rendered":"<p>wheyman? Podr\u00f3\u017cnik, zapalony couchsurfer i bloger, a w czasie wolnym od powy\u017cszego \u2013 pe\u0142noetatowy pracownik korporacji. Kombinacj\u0119 tych element\u00f3w nazywa Wielk\u0105 Przygod\u0105. Przez ponad 10 lat prowadzi\u0142 blog &#8222;Sky is NOT the limit&#8221;, w kt\u00f3rym opisuje \u017cycie codzienne na egzotycznej emigracji w najbogatszym kraju \u015bwiata &#8211; Katarze. Dzi\u0119ki pracy w liniach lotniczych, sta\u0142ym elementem codzienno\u015bci &hellip; <\/p>\n<p class=\"link-more\"><a href=\"https:\/\/skyisnotthelimit.eu\/index.php\/o-mnie\/\" class=\"more-link\">Czytaj dalej<span class=\"screen-reader-text\"> \u201eKim jest wheyman?\u201d<\/span><\/a><\/p>\n","protected":false},"author":1,"featured_media":0,"parent":0,"menu_order":0,"comment_status":"closed","ping_status":"closed","template":"","meta":{"_uag_custom_page_level_css":"","footnotes":""},"class_list":["post-1240","page","type-page","status-publish","hentry"],"yoast_head":"<!-- This site is optimized with the Yoast SEO plugin v27.6 - https:\/\/yoast.com\/product\/yoast-seo-wordpress\/ -->\n<title>Kim jest wheyman? - Sky Is Not The Limit<\/title>\n<meta name=\"robots\" content=\"index, follow, max-snippet:-1, max-image-preview:large, max-video-preview:-1\" \/>\n<link rel=\"canonical\" href=\"https:\/\/skyisnotthelimit.eu\/index.php\/o-mnie\/\" \/>\n<meta property=\"og:locale\" content=\"pl_PL\" \/>\n<meta property=\"og:type\" content=\"article\" \/>\n<meta property=\"og:title\" content=\"Kim jest wheyman? - Sky Is Not The Limit\" \/>\n<meta property=\"og:description\" content=\"wheyman? Podr\u00f3\u017cnik, zapalony couchsurfer i bloger, a w czasie wolnym od powy\u017cszego \u2013 pe\u0142noetatowy pracownik korporacji. Kombinacj\u0119 tych element\u00f3w nazywa Wielk\u0105 Przygod\u0105. Przez ponad 10 lat prowadzi\u0142 blog &#8222;Sky is NOT the limit&#8221;, w kt\u00f3rym opisuje \u017cycie codzienne na egzotycznej emigracji w najbogatszym kraju \u015bwiata &#8211; Katarze. Dzi\u0119ki pracy w liniach lotniczych, sta\u0142ym elementem codzienno\u015bci &hellip; Czytaj dalej \u201eKim jest wheyman?\u201d\" \/>\n<meta property=\"og:url\" content=\"https:\/\/skyisnotthelimit.eu\/index.php\/o-mnie\/\" \/>\n<meta property=\"og:site_name\" content=\"Sky Is Not The Limit\" \/>\n<meta property=\"article:modified_time\" content=\"2020-09-13T20:39:00+00:00\" \/>\n<meta property=\"og:image\" content=\"https:\/\/i0.wp.com\/skyisnotthelimit.eu\/wp-content\/uploads\/2020\/09\/pexels-christine-renard-615060-XXL-1.jpg?fit=2148%2C888&ssl=1\" \/>\n\t<meta property=\"og:image:width\" content=\"2148\" \/>\n\t<meta property=\"og:image:height\" content=\"888\" \/>\n\t<meta property=\"og:image:type\" content=\"image\/jpeg\" \/>\n<meta name=\"twitter:card\" content=\"summary_large_image\" \/>\n<meta name=\"twitter:label1\" content=\"Szacowany czas czytania\" \/>\n\t<meta name=\"twitter:data1\" content=\"1 minuta\" \/>\n<script type=\"application\/ld+json\" class=\"yoast-schema-graph\">{\"@context\":\"https:\\\/\\\/schema.org\",\"@graph\":[{\"@type\":\"WebPage\",\"@id\":\"https:\\\/\\\/skyisnotthelimit.eu\\\/index.php\\\/o-mnie\\\/\",\"url\":\"https:\\\/\\\/skyisnotthelimit.eu\\\/index.php\\\/o-mnie\\\/\",\"name\":\"Kim jest wheyman? - Sky Is Not The Limit\",\"isPartOf\":{\"@id\":\"https:\\\/\\\/skyisnotthelimit.eu\\\/#website\"},\"datePublished\":\"2020-08-17T01:34:52+00:00\",\"dateModified\":\"2020-09-13T20:39:00+00:00\",\"breadcrumb\":{\"@id\":\"https:\\\/\\\/skyisnotthelimit.eu\\\/index.php\\\/o-mnie\\\/#breadcrumb\"},\"inLanguage\":\"pl-PL\",\"potentialAction\":[{\"@type\":\"ReadAction\",\"target\":[\"https:\\\/\\\/skyisnotthelimit.eu\\\/index.php\\\/o-mnie\\\/\"]}]},{\"@type\":\"BreadcrumbList\",\"@id\":\"https:\\\/\\\/skyisnotthelimit.eu\\\/index.php\\\/o-mnie\\\/#breadcrumb\",\"itemListElement\":[{\"@type\":\"ListItem\",\"position\":1,\"name\":\"Home\",\"item\":\"https:\\\/\\\/skyisnotthelimit.eu\\\/\"},{\"@type\":\"ListItem\",\"position\":2,\"name\":\"Kim jest wheyman?\"}]},{\"@type\":\"WebSite\",\"@id\":\"https:\\\/\\\/skyisnotthelimit.eu\\\/#website\",\"url\":\"https:\\\/\\\/skyisnotthelimit.eu\\\/\",\"name\":\"Sky Is Not The Limit\",\"description\":\"Spe\u0142nianie marze\u0144, wielka przygoda i odrobina szale\u0144stwa. Podr\u00f3\u017ce i \u017cycie codzienne na egzotycznej emigracji w Katarze.\",\"publisher\":{\"@id\":\"https:\\\/\\\/skyisnotthelimit.eu\\\/#\\\/schema\\\/person\\\/78f7851d005fe410e699b55895b7b5f4\"},\"alternateName\":\"blog wheyman qatar\",\"potentialAction\":[{\"@type\":\"SearchAction\",\"target\":{\"@type\":\"EntryPoint\",\"urlTemplate\":\"https:\\\/\\\/skyisnotthelimit.eu\\\/?s={search_term_string}\"},\"query-input\":{\"@type\":\"PropertyValueSpecification\",\"valueRequired\":true,\"valueName\":\"search_term_string\"}}],\"inLanguage\":\"pl-PL\"},{\"@type\":[\"Person\",\"Organization\"],\"@id\":\"https:\\\/\\\/skyisnotthelimit.eu\\\/#\\\/schema\\\/person\\\/78f7851d005fe410e699b55895b7b5f4\",\"name\":\"wheyman\",\"image\":{\"@type\":\"ImageObject\",\"inLanguage\":\"pl-PL\",\"@id\":\"https:\\\/\\\/secure.gravatar.com\\\/avatar\\\/bf223156036c08df8bd072e48d77246f6ea4d1718097aeb645be3e853649705b?s=96&d=mm&r=g\",\"url\":\"https:\\\/\\\/secure.gravatar.com\\\/avatar\\\/bf223156036c08df8bd072e48d77246f6ea4d1718097aeb645be3e853649705b?s=96&d=mm&r=g\",\"contentUrl\":\"https:\\\/\\\/secure.gravatar.com\\\/avatar\\\/bf223156036c08df8bd072e48d77246f6ea4d1718097aeb645be3e853649705b?s=96&d=mm&r=g\",\"caption\":\"wheyman\"},\"logo\":{\"@id\":\"https:\\\/\\\/secure.gravatar.com\\\/avatar\\\/bf223156036c08df8bd072e48d77246f6ea4d1718097aeb645be3e853649705b?s=96&d=mm&r=g\"},\"sameAs\":[\"https:\\\/\\\/skyisnotthelimit.eu\"]}]}<\/script>\n<!-- \/ Yoast SEO plugin. -->","yoast_head_json":{"title":"Kim jest wheyman? - Sky Is Not The Limit","robots":{"index":"index","follow":"follow","max-snippet":"max-snippet:-1","max-image-preview":"max-image-preview:large","max-video-preview":"max-video-preview:-1"},"canonical":"https:\/\/skyisnotthelimit.eu\/index.php\/o-mnie\/","og_locale":"pl_PL","og_type":"article","og_title":"Kim jest wheyman? - Sky Is Not The Limit","og_description":"wheyman? Podr\u00f3\u017cnik, zapalony couchsurfer i bloger, a w czasie wolnym od powy\u017cszego \u2013 pe\u0142noetatowy pracownik korporacji. Kombinacj\u0119 tych element\u00f3w nazywa Wielk\u0105 Przygod\u0105. Przez ponad 10 lat prowadzi\u0142 blog &#8222;Sky is NOT the limit&#8221;, w kt\u00f3rym opisuje \u017cycie codzienne na egzotycznej emigracji w najbogatszym kraju \u015bwiata &#8211; Katarze. Dzi\u0119ki pracy w liniach lotniczych, sta\u0142ym elementem codzienno\u015bci &hellip; Czytaj dalej \u201eKim jest wheyman?\u201d","og_url":"https:\/\/skyisnotthelimit.eu\/index.php\/o-mnie\/","og_site_name":"Sky Is Not The Limit","article_modified_time":"2020-09-13T20:39:00+00:00","og_image":[{"width":2148,"height":888,"url":"https:\/\/i0.wp.com\/skyisnotthelimit.eu\/wp-content\/uploads\/2020\/09\/pexels-christine-renard-615060-XXL-1.jpg?fit=2148%2C888&ssl=1","type":"image\/jpeg"}],"twitter_card":"summary_large_image","twitter_misc":{"Szacowany czas czytania":"1 minuta"},"schema":{"@context":"https:\/\/schema.org","@graph":[{"@type":"WebPage","@id":"https:\/\/skyisnotthelimit.eu\/index.php\/o-mnie\/","url":"https:\/\/skyisnotthelimit.eu\/index.php\/o-mnie\/","name":"Kim jest wheyman? - Sky Is Not The Limit","isPartOf":{"@id":"https:\/\/skyisnotthelimit.eu\/#website"},"datePublished":"2020-08-17T01:34:52+00:00","dateModified":"2020-09-13T20:39:00+00:00","breadcrumb":{"@id":"https:\/\/skyisnotthelimit.eu\/index.php\/o-mnie\/#breadcrumb"},"inLanguage":"pl-PL","potentialAction":[{"@type":"ReadAction","target":["https:\/\/skyisnotthelimit.eu\/index.php\/o-mnie\/"]}]},{"@type":"BreadcrumbList","@id":"https:\/\/skyisnotthelimit.eu\/index.php\/o-mnie\/#breadcrumb","itemListElement":[{"@type":"ListItem","position":1,"name":"Home","item":"https:\/\/skyisnotthelimit.eu\/"},{"@type":"ListItem","position":2,"name":"Kim jest wheyman?"}]},{"@type":"WebSite","@id":"https:\/\/skyisnotthelimit.eu\/#website","url":"https:\/\/skyisnotthelimit.eu\/","name":"Sky Is Not The Limit","description":"Spe\u0142nianie marze\u0144, wielka przygoda i odrobina szale\u0144stwa. Podr\u00f3\u017ce i \u017cycie codzienne na egzotycznej emigracji w Katarze.","publisher":{"@id":"https:\/\/skyisnotthelimit.eu\/#\/schema\/person\/78f7851d005fe410e699b55895b7b5f4"},"alternateName":"blog wheyman qatar","potentialAction":[{"@type":"SearchAction","target":{"@type":"EntryPoint","urlTemplate":"https:\/\/skyisnotthelimit.eu\/?s={search_term_string}"},"query-input":{"@type":"PropertyValueSpecification","valueRequired":true,"valueName":"search_term_string"}}],"inLanguage":"pl-PL"},{"@type":["Person","Organization"],"@id":"https:\/\/skyisnotthelimit.eu\/#\/schema\/person\/78f7851d005fe410e699b55895b7b5f4","name":"wheyman","image":{"@type":"ImageObject","inLanguage":"pl-PL","@id":"https:\/\/secure.gravatar.com\/avatar\/bf223156036c08df8bd072e48d77246f6ea4d1718097aeb645be3e853649705b?s=96&d=mm&r=g","url":"https:\/\/secure.gravatar.com\/avatar\/bf223156036c08df8bd072e48d77246f6ea4d1718097aeb645be3e853649705b?s=96&d=mm&r=g","contentUrl":"https:\/\/secure.gravatar.com\/avatar\/bf223156036c08df8bd072e48d77246f6ea4d1718097aeb645be3e853649705b?s=96&d=mm&r=g","caption":"wheyman"},"logo":{"@id":"https:\/\/secure.gravatar.com\/avatar\/bf223156036c08df8bd072e48d77246f6ea4d1718097aeb645be3e853649705b?s=96&d=mm&r=g"},"sameAs":["https:\/\/skyisnotthelimit.eu"]}]}},"uagb_featured_image_src":{"full":false,"thumbnail":false,"medium":false,"medium_large":false,"large":false,"1536x1536":false,"2048x2048":false,"ultp_layout_landscape_large":false,"ultp_layout_landscape":false,"ultp_layout_portrait":false,"ultp_layout_square":false,"twentyseventeen-featured-image":false,"twentyseventeen-thumbnail-avatar":false},"uagb_author_info":{"display_name":"wheyman","author_link":"https:\/\/skyisnotthelimit.eu\/index.php\/author\/majki1234\/"},"uagb_comment_info":0,"uagb_excerpt":"wheyman? Podr\u00f3\u017cnik, zapalony couchsurfer i bloger, a w czasie wolnym od powy\u017cszego \u2013 pe\u0142noetatowy pracownik korporacji. Kombinacj\u0119 tych element\u00f3w nazywa Wielk\u0105 Przygod\u0105. Przez ponad 10 lat prowadzi\u0142 blog &#8222;Sky is NOT the limit&#8221;, w kt\u00f3rym opisuje \u017cycie codzienne na egzotycznej emigracji w najbogatszym kraju \u015bwiata &#8211; Katarze. Dzi\u0119ki pracy w liniach lotniczych, sta\u0142ym elementem codzienno\u015bci&hellip;","jetpack_sharing_enabled":true,"_links":{"self":[{"href":"https:\/\/skyisnotthelimit.eu\/index.php\/wp-json\/wp\/v2\/pages\/1240","targetHints":{"allow":["GET"]}}],"collection":[{"href":"https:\/\/skyisnotthelimit.eu\/index.php\/wp-json\/wp\/v2\/pages"}],"about":[{"href":"https:\/\/skyisnotthelimit.eu\/index.php\/wp-json\/wp\/v2\/types\/page"}],"author":[{"embeddable":true,"href":"https:\/\/skyisnotthelimit.eu\/index.php\/wp-json\/wp\/v2\/users\/1"}],"replies":[{"embeddable":true,"href":"https:\/\/skyisnotthelimit.eu\/index.php\/wp-json\/wp\/v2\/comments?post=1240"}],"version-history":[{"count":9,"href":"https:\/\/skyisnotthelimit.eu\/index.php\/wp-json\/wp\/v2\/pages\/1240\/revisions"}],"predecessor-version":[{"id":1824,"href":"https:\/\/skyisnotthelimit.eu\/index.php\/wp-json\/wp\/v2\/pages\/1240\/revisions\/1824"}],"wp:attachment":[{"href":"https:\/\/skyisnotthelimit.eu\/index.php\/wp-json\/wp\/v2\/media?parent=1240"}],"curies":[{"name":"wp","href":"https:\/\/api.w.org\/{rel}","templated":true}]}}