{"id":1378,"date":"2020-09-06T07:51:51","date_gmt":"2020-09-06T05:51:51","guid":{"rendered":"http:\/\/skyisnotthelimit.eu\/?page_id=1378"},"modified":"2020-09-06T07:51:51","modified_gmt":"2020-09-06T05:51:51","slug":"kontakt","status":"publish","type":"page","link":"https:\/\/skyisnotthelimit.eu\/index.php\/kontakt\/","title":{"rendered":"Kontakt"},"content":{"rendered":"\n<div class=\"wp-block-jetpack-contact-info\"><\/div>\n\n\n<div class=\"wp-block-jetpack-contact-form is-layout-flex wp-container-jetpack-contact-form-is-layout-faa3ad1c wp-block-contact-form-is-layout-flex\"><a href=\"https:\/\/skyisnotthelimit.eu\/index.php\/kontakt\/\" target=\"_blank\" rel=\"noopener noreferrer\">Prze\u015blij formularz.<\/a><\/div>","protected":false},"excerpt":{"rendered":"","protected":false},"author":1,"featured_media":0,"parent":0,"menu_order":0,"comment_status":"closed","ping_status":"closed","template":"","meta":{"_uag_custom_page_level_css":"","footnotes":""},"class_list":["post-1378","page","type-page","status-publish","hentry"],"yoast_head":"<!-- This site is optimized with the Yoast SEO plugin v27.6 - https:\/\/yoast.com\/product\/yoast-seo-wordpress\/ -->\n<title>Kontakt - Sky Is Not The Limit<\/title>\n<meta name=\"robots\" content=\"index, follow, max-snippet:-1, max-image-preview:large, max-video-preview:-1\" \/>\n<link rel=\"canonical\" href=\"https:\/\/skyisnotthelimit.eu\/index.php\/kontakt\/\" \/>\n<meta property=\"og:locale\" content=\"pl_PL\" \/>\n<meta property=\"og:type\" content=\"article\" \/>\n<meta property=\"og:title\" content=\"Kontakt - Sky Is Not The Limit\" \/>\n<meta property=\"og:url\" content=\"https:\/\/skyisnotthelimit.eu\/index.php\/kontakt\/\" \/>\n<meta property=\"og:site_name\" content=\"Sky Is Not The Limit\" \/>\n<meta property=\"og:image\" content=\"https:\/\/i0.wp.com\/skyisnotthelimit.eu\/wp-content\/uploads\/2020\/09\/pexels-christine-renard-615060-XXL-1.jpg?fit=2148%2C888&ssl=1\" \/>\n\t<meta property=\"og:image:width\" content=\"2148\" \/>\n\t<meta property=\"og:image:height\" content=\"888\" \/>\n\t<meta property=\"og:image:type\" content=\"image\/jpeg\" \/>\n<meta name=\"twitter:card\" content=\"summary_large_image\" \/>\n<script type=\"application\/ld+json\" class=\"yoast-schema-graph\">{\"@context\":\"https:\\\/\\\/schema.org\",\"@graph\":[{\"@type\":\"WebPage\",\"@id\":\"https:\\\/\\\/skyisnotthelimit.eu\\\/index.php\\\/kontakt\\\/\",\"url\":\"https:\\\/\\\/skyisnotthelimit.eu\\\/index.php\\\/kontakt\\\/\",\"name\":\"Kontakt - Sky Is Not The Limit\",\"isPartOf\":{\"@id\":\"https:\\\/\\\/skyisnotthelimit.eu\\\/#website\"},\"datePublished\":\"2020-09-06T05:51:51+00:00\",\"breadcrumb\":{\"@id\":\"https:\\\/\\\/skyisnotthelimit.eu\\\/index.php\\\/kontakt\\\/#breadcrumb\"},\"inLanguage\":\"pl-PL\",\"potentialAction\":[{\"@type\":\"ReadAction\",\"target\":[\"https:\\\/\\\/skyisnotthelimit.eu\\\/index.php\\\/kontakt\\\/\"]}]},{\"@type\":\"BreadcrumbList\",\"@id\":\"https:\\\/\\\/skyisnotthelimit.eu\\\/index.php\\\/kontakt\\\/#breadcrumb\",\"itemListElement\":[{\"@type\":\"ListItem\",\"position\":1,\"name\":\"Home\",\"item\":\"https:\\\/\\\/skyisnotthelimit.eu\\\/\"},{\"@type\":\"ListItem\",\"position\":2,\"name\":\"Kontakt\"}]},{\"@type\":\"WebSite\",\"@id\":\"https:\\\/\\\/skyisnotthelimit.eu\\\/#website\",\"url\":\"https:\\\/\\\/skyisnotthelimit.eu\\\/\",\"name\":\"Sky Is Not The Limit\",\"description\":\"Spe\u0142nianie marze\u0144, wielka przygoda i odrobina szale\u0144stwa. Podr\u00f3\u017ce i \u017cycie codzienne na egzotycznej emigracji w Katarze.\",\"publisher\":{\"@id\":\"https:\\\/\\\/skyisnotthelimit.eu\\\/#\\\/schema\\\/person\\\/78f7851d005fe410e699b55895b7b5f4\"},\"alternateName\":\"blog wheyman qatar\",\"potentialAction\":[{\"@type\":\"SearchAction\",\"target\":{\"@type\":\"EntryPoint\",\"urlTemplate\":\"https:\\\/\\\/skyisnotthelimit.eu\\\/?s={search_term_string}\"},\"query-input\":{\"@type\":\"PropertyValueSpecification\",\"valueRequired\":true,\"valueName\":\"search_term_string\"}}],\"inLanguage\":\"pl-PL\"},{\"@type\":[\"Person\",\"Organization\"],\"@id\":\"https:\\\/\\\/skyisnotthelimit.eu\\\/#\\\/schema\\\/person\\\/78f7851d005fe410e699b55895b7b5f4\",\"name\":\"wheyman\",\"image\":{\"@type\":\"ImageObject\",\"inLanguage\":\"pl-PL\",\"@id\":\"https:\\\/\\\/secure.gravatar.com\\\/avatar\\\/bf223156036c08df8bd072e48d77246f6ea4d1718097aeb645be3e853649705b?s=96&d=mm&r=g\",\"url\":\"https:\\\/\\\/secure.gravatar.com\\\/avatar\\\/bf223156036c08df8bd072e48d77246f6ea4d1718097aeb645be3e853649705b?s=96&d=mm&r=g\",\"contentUrl\":\"https:\\\/\\\/secure.gravatar.com\\\/avatar\\\/bf223156036c08df8bd072e48d77246f6ea4d1718097aeb645be3e853649705b?s=96&d=mm&r=g\",\"caption\":\"wheyman\"},\"logo\":{\"@id\":\"https:\\\/\\\/secure.gravatar.com\\\/avatar\\\/bf223156036c08df8bd072e48d77246f6ea4d1718097aeb645be3e853649705b?s=96&d=mm&r=g\"},\"sameAs\":[\"https:\\\/\\\/skyisnotthelimit.eu\"]}]}<\/script>\n<!-- \/ Yoast SEO plugin. -->","yoast_head_json":{"title":"Kontakt - Sky Is Not The Limit","robots":{"index":"index","follow":"follow","max-snippet":"max-snippet:-1","max-image-preview":"max-image-preview:large","max-video-preview":"max-video-preview:-1"},"canonical":"https:\/\/skyisnotthelimit.eu\/index.php\/kontakt\/","og_locale":"pl_PL","og_type":"article","og_title":"Kontakt - Sky Is Not The Limit","og_url":"https:\/\/skyisnotthelimit.eu\/index.php\/kontakt\/","og_site_name":"Sky Is Not The Limit","og_image":[{"width":2148,"height":888,"url":"https:\/\/i0.wp.com\/skyisnotthelimit.eu\/wp-content\/uploads\/2020\/09\/pexels-christine-renard-615060-XXL-1.jpg?fit=2148%2C888&ssl=1","type":"image\/jpeg"}],"twitter_card":"summary_large_image","schema":{"@context":"https:\/\/schema.org","@graph":[{"@type":"WebPage","@id":"https:\/\/skyisnotthelimit.eu\/index.php\/kontakt\/","url":"https:\/\/skyisnotthelimit.eu\/index.php\/kontakt\/","name":"Kontakt - Sky Is Not The Limit","isPartOf":{"@id":"https:\/\/skyisnotthelimit.eu\/#website"},"datePublished":"2020-09-06T05:51:51+00:00","breadcrumb":{"@id":"https:\/\/skyisnotthelimit.eu\/index.php\/kontakt\/#breadcrumb"},"inLanguage":"pl-PL","potentialAction":[{"@type":"ReadAction","target":["https:\/\/skyisnotthelimit.eu\/index.php\/kontakt\/"]}]},{"@type":"BreadcrumbList","@id":"https:\/\/skyisnotthelimit.eu\/index.php\/kontakt\/#breadcrumb","itemListElement":[{"@type":"ListItem","position":1,"name":"Home","item":"https:\/\/skyisnotthelimit.eu\/"},{"@type":"ListItem","position":2,"name":"Kontakt"}]},{"@type":"WebSite","@id":"https:\/\/skyisnotthelimit.eu\/#website","url":"https:\/\/skyisnotthelimit.eu\/","name":"Sky Is Not The Limit","description":"Spe\u0142nianie marze\u0144, wielka przygoda i odrobina szale\u0144stwa. Podr\u00f3\u017ce i \u017cycie codzienne na egzotycznej emigracji w Katarze.","publisher":{"@id":"https:\/\/skyisnotthelimit.eu\/#\/schema\/person\/78f7851d005fe410e699b55895b7b5f4"},"alternateName":"blog wheyman qatar","potentialAction":[{"@type":"SearchAction","target":{"@type":"EntryPoint","urlTemplate":"https:\/\/skyisnotthelimit.eu\/?s={search_term_string}"},"query-input":{"@type":"PropertyValueSpecification","valueRequired":true,"valueName":"search_term_string"}}],"inLanguage":"pl-PL"},{"@type":["Person","Organization"],"@id":"https:\/\/skyisnotthelimit.eu\/#\/schema\/person\/78f7851d005fe410e699b55895b7b5f4","name":"wheyman","image":{"@type":"ImageObject","inLanguage":"pl-PL","@id":"https:\/\/secure.gravatar.com\/avatar\/bf223156036c08df8bd072e48d77246f6ea4d1718097aeb645be3e853649705b?s=96&d=mm&r=g","url":"https:\/\/secure.gravatar.com\/avatar\/bf223156036c08df8bd072e48d77246f6ea4d1718097aeb645be3e853649705b?s=96&d=mm&r=g","contentUrl":"https:\/\/secure.gravatar.com\/avatar\/bf223156036c08df8bd072e48d77246f6ea4d1718097aeb645be3e853649705b?s=96&d=mm&r=g","caption":"wheyman"},"logo":{"@id":"https:\/\/secure.gravatar.com\/avatar\/bf223156036c08df8bd072e48d77246f6ea4d1718097aeb645be3e853649705b?s=96&d=mm&r=g"},"sameAs":["https:\/\/skyisnotthelimit.eu"]}]}},"uagb_featured_image_src":{"full":false,"thumbnail":false,"medium":false,"medium_large":false,"large":false,"1536x1536":false,"2048x2048":false,"ultp_layout_landscape_large":false,"ultp_layout_landscape":false,"ultp_layout_portrait":false,"ultp_layout_square":false,"twentyseventeen-featured-image":false,"twentyseventeen-thumbnail-avatar":false},"uagb_author_info":{"display_name":"wheyman","author_link":"https:\/\/skyisnotthelimit.eu\/index.php\/author\/majki1234\/"},"uagb_comment_info":0,"uagb_excerpt":null,"jetpack_sharing_enabled":true,"_links":{"self":[{"href":"https:\/\/skyisnotthelimit.eu\/index.php\/wp-json\/wp\/v2\/pages\/1378","targetHints":{"allow":["GET"]}}],"collection":[{"href":"https:\/\/skyisnotthelimit.eu\/index.php\/wp-json\/wp\/v2\/pages"}],"about":[{"href":"https:\/\/skyisnotthelimit.eu\/index.php\/wp-json\/wp\/v2\/types\/page"}],"author":[{"embeddable":true,"href":"https:\/\/skyisnotthelimit.eu\/index.php\/wp-json\/wp\/v2\/users\/1"}],"replies":[{"embeddable":true,"href":"https:\/\/skyisnotthelimit.eu\/index.php\/wp-json\/wp\/v2\/comments?post=1378"}],"version-history":[{"count":1,"href":"https:\/\/skyisnotthelimit.eu\/index.php\/wp-json\/wp\/v2\/pages\/1378\/revisions"}],"predecessor-version":[{"id":1379,"href":"https:\/\/skyisnotthelimit.eu\/index.php\/wp-json\/wp\/v2\/pages\/1378\/revisions\/1379"}],"wp:attachment":[{"href":"https:\/\/skyisnotthelimit.eu\/index.php\/wp-json\/wp\/v2\/media?parent=1378"}],"curies":[{"name":"wp","href":"https:\/\/api.w.org\/{rel}","templated":true}]}}